{"id":212,"date":"2016-12-28T20:51:00","date_gmt":"2016-12-28T20:51:00","guid":{"rendered":"http:\/\/online-rechtsanwaltskanzlei.eu\/www\/hp\/?page_id=212"},"modified":"2016-12-28T22:41:16","modified_gmt":"2016-12-28T22:41:16","slug":"rechtsanwalt","status":"publish","type":"page","link":"https:\/\/online-rechtsanwaltskanzlei.eu\/?page_id=212","title":{"rendered":"Rechtsanwalt"},"content":{"rendered":"\t\t<div data-elementor-type=\"wp-page\" data-elementor-id=\"212\" class=\"elementor elementor-212 elementor-bc-flex-widget\">\n\t\t\t\t\t\t<section class=\"elementor-section elementor-top-section elementor-element elementor-element-18a6wts elementor-section-boxed elementor-section-height-default elementor-section-height-default\" data-id=\"18a6wts\" data-element_type=\"section\">\n\t\t\t\t\t\t<div class=\"elementor-container elementor-column-gap-default\">\n\t\t\t\t\t<div class=\"elementor-column elementor-col-100 elementor-top-column elementor-element elementor-element-cwjetn1\" data-id=\"cwjetn1\" data-element_type=\"column\">\n\t\t\t<div class=\"elementor-widget-wrap elementor-element-populated\">\n\t\t\t\t\t\t<div class=\"elementor-element elementor-element-ol3gi1d elementor-widget elementor-widget-text-editor\" data-id=\"ol3gi1d\" data-element_type=\"widget\" data-widget_type=\"text-editor.default\">\n\t\t\t\t<div class=\"elementor-widget-container\">\n\t\t\t\t\t\t\t\t\t<ul><li>Studium der Rechtswissenschaften an der Martin-Luther-Universit\u00e4t Halle-Wittenberg<\/li><li>Studium der Volkswirtschaftslehre an der Martin-Luther-Universit\u00e4t im Nebenfach<\/li><li>Studium der Rechtswissenschaft an der Universit\u00e0 degli Studi di Siena (Italien)<\/li><li>Referendariat Land Sachsen-Anhalt am OLG Naumburg<\/li><li>Widerspruchsachbearbeiter Landkreis Ostprignitz-Ruppin SGB II<\/li><li>selbst\u00e4ndiger Rechtsanwalt seit 2009<\/li><li>Fremdsprachen: italienisch, englisch<\/li><\/ul>\t\t\t\t\t\t\t\t<\/div>\n\t\t\t\t<\/div>\n\t\t\t\t\t<\/div>\n\t\t<\/div>\n\t\t\t\t\t<\/div>\n\t\t<\/section>\n\t\t\t\t<\/div>\n\t\t","protected":false},"excerpt":{"rendered":"<p>Studium der Rechtswissenschaften an der Martin-Luther-Universit\u00e4t Halle-Wittenberg Studium der Volkswirtschaftslehre an der Martin-Luther-Universit\u00e4t im Nebenfach Studium der Rechtswissenschaft an der Universit\u00e0 degli Studi di Siena (Italien) Referendariat Land Sachsen-Anhalt am OLG Naumburg Widerspruchsachbearbeiter Landkreis Ostprignitz-Ruppin SGB II selbst\u00e4ndiger Rechtsanwalt seit 2009 Fremdsprachen: italienisch, englisch<\/p>\n","protected":false},"author":1,"featured_media":0,"parent":0,"menu_order":0,"comment_status":"closed","ping_status":"closed","template":"","meta":{"footnotes":""},"class_list":["post-212","page","type-page","status-publish","hentry"],"_links":{"self":[{"href":"https:\/\/online-rechtsanwaltskanzlei.eu\/index.php?rest_route=\/wp\/v2\/pages\/212","targetHints":{"allow":["GET"]}}],"collection":[{"href":"https:\/\/online-rechtsanwaltskanzlei.eu\/index.php?rest_route=\/wp\/v2\/pages"}],"about":[{"href":"https:\/\/online-rechtsanwaltskanzlei.eu\/index.php?rest_route=\/wp\/v2\/types\/page"}],"author":[{"embeddable":true,"href":"https:\/\/online-rechtsanwaltskanzlei.eu\/index.php?rest_route=\/wp\/v2\/users\/1"}],"replies":[{"embeddable":true,"href":"https:\/\/online-rechtsanwaltskanzlei.eu\/index.php?rest_route=%2Fwp%2Fv2%2Fcomments&post=212"}],"version-history":[{"count":2,"href":"https:\/\/online-rechtsanwaltskanzlei.eu\/index.php?rest_route=\/wp\/v2\/pages\/212\/revisions"}],"predecessor-version":[{"id":254,"href":"https:\/\/online-rechtsanwaltskanzlei.eu\/index.php?rest_route=\/wp\/v2\/pages\/212\/revisions\/254"}],"wp:attachment":[{"href":"https:\/\/online-rechtsanwaltskanzlei.eu\/index.php?rest_route=%2Fwp%2Fv2%2Fmedia&parent=212"}],"curies":[{"name":"wp","href":"https:\/\/api.w.org\/{rel}","templated":true}]}}