{"id":218,"date":"2016-12-28T20:51:00","date_gmt":"2016-12-28T20:51:00","guid":{"rendered":"http:\/\/online-rechtsanwaltskanzlei.eu\/www\/hp\/?page_id=218"},"modified":"2018-05-24T22:27:05","modified_gmt":"2018-05-24T22:27:05","slug":"impressum","status":"publish","type":"page","link":"https:\/\/online-rechtsanwaltskanzlei.eu\/?page_id=218","title":{"rendered":"Impressum"},"content":{"rendered":"\t\t<div data-elementor-type=\"wp-page\" data-elementor-id=\"218\" class=\"elementor elementor-218 elementor-bc-flex-widget\">\n\t\t\t\t\t\t<section class=\"elementor-section elementor-top-section elementor-element elementor-element-zmsyemo elementor-section-boxed elementor-section-height-default elementor-section-height-default\" data-id=\"zmsyemo\" data-element_type=\"section\">\n\t\t\t\t\t\t<div class=\"elementor-container elementor-column-gap-default\">\n\t\t\t\t\t<div class=\"elementor-column elementor-col-100 elementor-top-column elementor-element elementor-element-sbanwof\" data-id=\"sbanwof\" data-element_type=\"column\">\n\t\t\t<div class=\"elementor-widget-wrap elementor-element-populated\">\n\t\t\t\t\t\t<div class=\"elementor-element elementor-element-wgnnggk elementor-widget elementor-widget-text-editor\" data-id=\"wgnnggk\" data-element_type=\"widget\" data-widget_type=\"text-editor.default\">\n\t\t\t\t<div class=\"elementor-widget-container\">\n\t\t\t\t\t\t\t\t\t<p><strong>Verantwortlicher nach \u00a7 5 TMG und \u00a7 55 Abs. 2 RStV f\u00fcr Inhalte und Texte<\/strong><\/p><p class=\"tm6 Normal\"><span class=\"tm7\">Rechtsanwalt<br \/> Norman Czoch<br \/> Markt 02<br \/> 06785 Oranienbaum-W\u00f6rlitz<br \/> OT Oranienbaum<\/span><\/p><p class=\"tm6 Normal\"><span class=\"tm7\">Telefon: 034904\/309 387<br \/> Telefax: 034904\/599 5039<\/span><\/p><p class=\"tm6 Normal\"><span class=\"tm7\">E-Mail: czoch@online-rechtsanwaltskanzlei.eu<br \/> Internet: www.online-rechtsanwaltskanzlei.eu<\/span><\/p><p class=\"tm6 Normal\"><span class=\"tm7\">Steuernummer: 114 \/ 211 \/ 01770<\/span><\/p><p class=\"tm6 Normal\"><span class=\"tm7\">Berufsbezeichnung:<br \/> Rechtsanwalt (Bundesrepublik Deutschland)<\/span><\/p><p class=\"tm6 Normal\"><span class=\"tm7\">Zust\u00e4ndige Berufskammer und Aufsichtsbeh\u00f6rde:<\/span><\/p><p class=\"tm6 Normal\"><span class=\"tm7\">Rechtsanwaltskammer des Landes Sachsen-Anhalt<br \/> Gerhart-Hauptmann-Strasse 5<br \/> 39108 Magdeburg<br \/> Telefon: 0391-252 72 10 \u2013 11<br \/> Telefax: 0391-252 72 03<br \/> E-mail: info@rak-sachsen-anhalt.de<br \/> Internet: www.rak-sachsen-anhalt.de<\/span><\/p><p class=\"tm6 Normal\"><span class=\"tm7\">Berufshaftpflichtversicherung<\/span><\/p><p class=\"tm6 Normal\"><span class=\"tm7\">ERGO Versicherung AG<br \/> Victoriaplatz 2<br \/> 40198 D\u00fcsseldorf<\/span><\/p><p class=\"tm6 Normal\"><span class=\"tm7\">Versicherungsnummer: HV-SV72889055.0-00688<\/span><\/p><p class=\"tm6 Normal\"><span class=\"tm7\">Versicherungssumme je Versicherungsfall: 250.000 \u20ac<br \/> Jahresh\u00f6chstleistung: 1.000.000 \u20ac<\/span><\/p><p class=\"tm6 Normal\"><strong><span class=\"tm7\">Es gelten folgende Geb\u00fchren- und Berufsordnungen:<\/span><\/strong><\/p><ul><li>Bundesrechtsanwaltsordnung (BRAO)<\/li><li>Bundesrechtsanwaltsgeb\u00fchrenordnung (BRAGO)<\/li><li>Rechtsanwaltsverg\u00fctungsgesetz (RVG)<\/li><li>Berufsordnung f\u00fcr Rechtsanw\u00e4lte (BORA)<\/li><\/ul><p>Die Rechtstexte und Links zu den Geb\u00fchren- und Berufsordnungen finden Sie auf den Seiten der Bundesrechtsanwaltskammer unter: <a href=\"http:\/\/www.brak.de\/fuer-anwaelte\/berufsrecht\/\">\u00a0http:\/\/www.brak.de\/fuer-anwaelte\/berufsrecht\/<\/a><\/p>\t\t\t\t\t\t\t\t<\/div>\n\t\t\t\t<\/div>\n\t\t\t\t\t<\/div>\n\t\t<\/div>\n\t\t\t\t\t<\/div>\n\t\t<\/section>\n\t\t\t\t<section class=\"elementor-section elementor-top-section elementor-element elementor-element-uy2iuvg elementor-section-boxed elementor-section-height-default elementor-section-height-default\" data-id=\"uy2iuvg\" data-element_type=\"section\">\n\t\t\t\t\t\t<div class=\"elementor-container elementor-column-gap-default\">\n\t\t\t\t\t<div class=\"elementor-column elementor-col-100 elementor-top-column elementor-element elementor-element-d9c1tqp\" data-id=\"d9c1tqp\" data-element_type=\"column\">\n\t\t\t<div class=\"elementor-widget-wrap elementor-element-populated\">\n\t\t\t\t\t\t<div class=\"elementor-element elementor-element-jqwrcaa elementor-widget elementor-widget-text-editor\" data-id=\"jqwrcaa\" data-element_type=\"widget\" data-widget_type=\"text-editor.default\">\n\t\t\t\t<div class=\"elementor-widget-container\">\n\t\t\t\t\t\t\t\t\t<p><strong>Datenschutzerkl\u00e4rung<\/strong><\/p><p class=\"Normal tm8\"><span class=\"tm9\">Hinweise nach der europ<\/span><span class=\"tm9\">\u00e4ischen Datenschutzgrundverordnung (DSGVO) und dem Bundesdatenschutzgesetz (BDSG).<\/span><\/p><p class=\"Normal tm8\"><span class=\"tm9\">\u00a0<\/span><\/p><p class=\"Normal tm8\"><span class=\"tm9\">Verarbeitung nach Art. 4 Nr. 2 DSGVO bezeichnet jeden mit oder ohne Hilfe automatisierter<\/span><\/p><p class=\"Normal tm8\"><span class=\"tm9\">Verfahren ausgef\u00fchrten Vorgang oder jede solche Vorgangsreihe im Zusammenhang mit personen-bezogenen Daten wie das Erheben, das Erfassen, die Organisation, das Ordnen, die Speicherung,die Anpassung oder Ver\u00e4nderung, das Auslesen, das Abfragen, die Verwendung, die Offenlegungdurch \u00dcbermittlung, Verbreitung oder eine andere Form der Bereitstellung, den Abgleich oder dieVerkn\u00fcpfung, die Einschr\u00e4nkung, das L\u00f6schen oder die Vernichtung;<\/span><\/p><p class=\"Normal tm8\"><span class=\"tm9\">\u00a0<\/span><\/p><p class=\"Normal tm8\"><u><span class=\"tm10\">I. Verantwortlicher: <\/span><\/u><\/p><p class=\"Normal\"><span class=\"tm9\">Norman Czoch<\/span><\/p><p class=\"Normal\"><span class=\"tm9\">Markt 02<\/span><\/p><p class=\"Normal\"><span class=\"tm9\">06785 Oranienbaum-W\u00f6rlitz<\/span><\/p><p class=\"Normal\"><span class=\"tm9\">E-Mail: czoch@online-rechtsanwaltskanzlei.eu<\/span><\/p><p class=\"Normal\"><span class=\"tm9\">\u00a0<\/span><\/p><p class=\"Normal tm8\"><u><span class=\"tm10\">II. Datenerhebung und Zweck<\/span><\/u><\/p><p class=\"Normal tm8\"><span class=\"tm9\">Bei dem Besuch unserer Webseites erheben wir keine personenbezogenen Daten. Personenbezogene Daten verarbeiten wir, wenn Sie uns \u00fcber unsere auf der Webseite angegebene E-Mail Adresse anschreiben. <\/span><\/p><p class=\"Normal tm8\"><span class=\"tm9\">\u00a0<\/span><\/p><p class=\"Normal tm8\"><span class=\"tm9\">1. Logfiles<\/span><\/p><p class=\"Normal tm8\"><span class=\"tm9\">Wir erheben Daten <\/span><span class=\"tm9\">\u00fcber jeden Zugriff auf das Angebot (so genannte Serverlogfiles). Zu den Zugriffsdaten geh\u00f6ren:<\/span><\/p><p class=\"Normal tm8\"><span class=\"tm9\">Name der abgerufenen Webseite, Datei, Datum und Uhrzeit des Abrufs, \u00fcbertragene Datenmenge, Meldung \u00fcber erfolgreichen Abruf, Browsertyp nebst Version, das Betriebssystem des Nutzers.<\/span><\/p><p class=\"Normal tm8\"><span class=\"tm9\">Wir verwenden die Protokolldaten nur f\u00fcr statistische Auswertungen zum Zweck des Betriebs, der Sicherheit und der Optimierung des Angebotes.<\/span><\/p><p class=\"Normal tm8\"><span class=\"tm9\">\u00a0<\/span><\/p><p class=\"Textk_rper tm11\">2. Cookies<\/p><p class=\"Textk_rper tm11\">Unsere Webseite verwendet zur Verbesserung der Funktionalit\u00e4t sogenannte Cookies. Cookies sind kleine Textdateien, die auf Ihrem Endger\u00e4t gespeichert werden. Wir verwenden Cookies, die nach dem Beenden der Browser-Sitzung (Sitzungs-Cookies) gel\u00f6scht werden und solche Cookies,<br \/>die auf Ihrem Endger\u00e4t verbleiben und das Wiedererkennen Ihres Browsers erm\u00f6glichen (persistente Cookies). Sie k\u00f6nnen Ihren Browser so einstellen,dass Sie Ihr Browser \u00fcber das Setzen von Cookies informiert. Der Setzung der Cookies k\u00f6nnen Sie in diesem Fall zustimmen oder ablehnen.<br \/>Sie k\u00f6nnen Ihren Browser auch so einstellen, dass das Setzen von Cookies f\u00fcr bestimmte F\u00e4lle ausgeschlossen ist. Wir weisen darauf hin, dass die Funktionalit\u00e4t unserer Webseite nicht gew\u00e4hrleistet werden kann, wenn unsere Cookies nicht angenommen werden.<\/p><p class=\"Textk_rper tm11\"><strong><span class=\"tm12\">\u00a0<\/span><\/strong><\/p><p class=\"Normal tm8\"><u><span class=\"tm10\">II. Zweck, Rechtsgrundlage f\u00fc<\/span><span class=\"tm9\">r die Verarbeitung:<\/span><\/u><\/p><p class=\"Normal\"><span class=\"tm9\">Wenn Sie uns <\/span><span class=\"tm9\">\u00fcber unsere Webseite kontaktieren, verarbeiten wir Ihre personenbezogenen Daten zur Beantwortung Ihrer Anfrage und eventueller sp\u00e4tere Beauftragung unserer Kanzlei sowie zur Wahrung unserer berechtigten Interessen. Die Verarbeitung erfolgte gem\u00e4\u00df Art. 6 Abs. 1 lit b) und lit f) DSGVO. Sofern Sie uns ben\u00f6tigte personenbezogen Daten nicht bereitstellen, k\u00f6nnen wir die Anfrage nicht bearbeiten.<\/span><\/p><p class=\"Normal\"><span class=\"tm9\">\u00a0<\/span><\/p><p class=\"Normal\"><span class=\"tm9\">Die von uns im Rahmen von Vertr\u00e4gen erhobenen personenbezogenen Daten sind f\u00fcr den Vertragsschluss zur Erf\u00fclllung unserer vertraglichen Pflichten Ihnen gegen\u00fcber erforderlich. Sofern Sie die erforderlichen personenbezogenen Daten nicht bereitstellen, k\u00f6nnen wir mit Ihnen keine Vertr\u00e4ge abschlie\u00dfen. Wir verarbeiten Ihre im \u00fcbermittelten Daten ausschlie\u00dflich zur Erf\u00fcllung des mit uns geschlossenen Vertrages (Art. 6 Abs. 1 lit. b DSGVO). <\/span><\/p><p class=\"Normal\"><span class=\"tm9\">\u00a0<\/span><\/p><p class=\"Normal tm8\"><u><span class=\"tm10\">III Dauer:<\/span><\/u><\/p><p class=\"Normal tm8\"><span class=\"tm9\">Wir speichern Ihre personenbezogenen Daten f\u00fc<\/span><span class=\"tm9\">r die Dauer der Erf\u00fcllung unserer gesetzlichen Aufbewahrungspflichten gem\u00e4\u00df \u00a7 147 AO und soweit ben\u00f6tigt f\u00fcr die Dauer der Wahrung unserer berechtigten Interessen aus Anbahnungs- und Mandantsverh\u00e4ltnissen. Die Dauer bestimmt sich nach den gesetzlichen Verj\u00e4hrungsvorschriften.<\/span><\/p><p class=\"Normal tm8\"><span class=\"tm9\">\u00a0<\/span><\/p><p class=\"Normal tm8\"><span class=\"tm9\">\u00a0<\/span><\/p><p class=\"Normal tm8\"><strong><u><span class=\"tm13\">Auskunftsrecht:<\/span><\/u><\/strong><\/p><p class=\"Normal tm8\"><strong><span class=\"tm14\">Sie k\u00f6<\/span><span class=\"tm14\">nnen von dem Verantwortlichen eine Best\u00e4tigung dar\u00fcber verlangen, ob personenbezogene Daten, die Sie betreffen, von uns verarbeitet werden.<\/span><span class=\"tm15\"> Ist dies der Fall, so besteht hinsichtlich der bei uns gespeicherten personenbezogenen Daten gem\u00e4\u00df<\/span><span class=\"tm15\"> der europ\u00e4ischen Datenschutz-Grundverordnung ein Recht auf Auskunft (Art. 15 DSGVO),\u00a0auf B<\/span><span class=\"tm14\">erichtigung <\/span><span class=\"tm15\">(Art. 16 DSGVO)<\/span><span class=\"tm14\">, L<\/span><span class=\"tm14\">\u00f6schung<\/span><span class=\"tm15\"> (Art. 17 DSGVO)<\/span><span class=\"tm14\">, auf Einschr<\/span><span class=\"tm14\">\u00e4nkung der Verarbeitung<\/span><span class=\"tm15\"> (Art. 18 DSGVO)<\/span><span class=\"tm14\">, ein Widerspruchsrecht gegen die Verarbeitung <\/span><span class=\"tm15\">(Art. 21 DSGVO)<\/span><span class=\"tm14\"> und ein Rechts auf Daten<\/span><span class=\"tm14\">\u00fcbertragbarkeit <\/span><span class=\"tm15\">(Art. 20 DSGVO)<\/span><span class=\"tm14\">.<\/span><\/strong><\/p><p class=\"Normal\"><span class=\"tm9\">\u00a0<\/span><\/p><p class=\"Normal\"><u><span class=\"tm10\">Beschwerderecht<\/span><\/u><\/p><p class=\"Normal tm8\"><span class=\"tm9\">Sie haben das Recht auf Beschwerde bei einer Aufsichtsbeh\u00f6<\/span><span class=\"tm9\">rde, wenn Sie der Ansicht ist, dass die Verarbeitung der sie betreffenden personenbezogenen Daten gegen die Europ\u00e4ische Datenschutz-Grundverordnung verst\u00f6\u00dft.<\/span><\/p>\t\t\t\t\t\t\t\t<\/div>\n\t\t\t\t<\/div>\n\t\t\t\t\t<\/div>\n\t\t<\/div>\n\t\t\t\t\t<\/div>\n\t\t<\/section>\n\t\t\t\t<\/div>\n\t\t","protected":false},"excerpt":{"rendered":"<p>Verantwortlicher nach \u00a7 5 TMG und \u00a7 55 Abs. 2 RStV f\u00fcr Inhalte und Texte Rechtsanwalt Norman Czoch Markt 02 06785 Oranienbaum-W\u00f6rlitz OT Oranienbaum Telefon: 034904\/309 387 Telefax: 034904\/599 5039 E-Mail: czoch@online-rechtsanwaltskanzlei.eu Internet: www.online-rechtsanwaltskanzlei.eu Steuernummer: 114 \/ 211 \/ 01770 Berufsbezeichnung: Rechtsanwalt (Bundesrepublik Deutschland) Zust\u00e4ndige Berufskammer und Aufsichtsbeh\u00f6rde: Rechtsanwaltskammer des Landes Sachsen-Anhalt Gerhart-Hauptmann-Strasse 5 39108 [&hellip;]<\/p>\n","protected":false},"author":1,"featured_media":0,"parent":0,"menu_order":0,"comment_status":"closed","ping_status":"closed","template":"","meta":{"footnotes":""},"class_list":["post-218","page","type-page","status-publish","hentry"],"_links":{"self":[{"href":"https:\/\/online-rechtsanwaltskanzlei.eu\/index.php?rest_route=\/wp\/v2\/pages\/218","targetHints":{"allow":["GET"]}}],"collection":[{"href":"https:\/\/online-rechtsanwaltskanzlei.eu\/index.php?rest_route=\/wp\/v2\/pages"}],"about":[{"href":"https:\/\/online-rechtsanwaltskanzlei.eu\/index.php?rest_route=\/wp\/v2\/types\/page"}],"author":[{"embeddable":true,"href":"https:\/\/online-rechtsanwaltskanzlei.eu\/index.php?rest_route=\/wp\/v2\/users\/1"}],"replies":[{"embeddable":true,"href":"https:\/\/online-rechtsanwaltskanzlei.eu\/index.php?rest_route=%2Fwp%2Fv2%2Fcomments&post=218"}],"version-history":[{"count":13,"href":"https:\/\/online-rechtsanwaltskanzlei.eu\/index.php?rest_route=\/wp\/v2\/pages\/218\/revisions"}],"predecessor-version":[{"id":310,"href":"https:\/\/online-rechtsanwaltskanzlei.eu\/index.php?rest_route=\/wp\/v2\/pages\/218\/revisions\/310"}],"wp:attachment":[{"href":"https:\/\/online-rechtsanwaltskanzlei.eu\/index.php?rest_route=%2Fwp%2Fv2%2Fmedia&parent=218"}],"curies":[{"name":"wp","href":"https:\/\/api.w.org\/{rel}","templated":true}]}}